{"id":26,"date":"2021-01-23T15:29:58","date_gmt":"2021-01-23T15:29:58","guid":{"rendered":"https:\/\/logopaul.de\/?page_id=26"},"modified":"2021-01-31T09:25:18","modified_gmt":"2021-01-31T08:25:18","slug":"lisa-maria-labens","status":"publish","type":"page","link":"https:\/\/www.logopaul.de\/index.php\/lisa-maria-labens\/","title":{"rendered":"Lisa-Maria Labens"},"content":{"rendered":"<ul>\n<li>staatlich anerkannte Logop\u00e4din (Logop\u00e4dieschule Kreischa)<\/li>\n<li>Therapieschwerpunkte:\n<ul>\n<li>Stimmtherapie<\/li>\n<li>Neurogene Sprach- und Sprechst\u00f6rungen<\/li>\n<li>Kindersprache<\/li>\n<\/ul>\n<\/li>\n<li>Kontakt:\n<ul>\n<li>0157 3814 63 99<\/li>\n<li>labens(\u00e4t)logopaul.de<\/li>\n<\/ul>\n<\/li>\n<\/ul>\n","protected":false},"excerpt":{"rendered":"<p>staatlich anerkannte Logop\u00e4din (Logop\u00e4dieschule Kreischa) Therapieschwerpunkte: Stimmtherapie Neurogene Sprach- und Sprechst\u00f6rungen Kindersprache Kontakt: 0157 3814 63 99 labens(\u00e4t)logopaul.de<\/p>\n","protected":false},"author":1,"featured_media":0,"parent":0,"menu_order":0,"comment_status":"closed","ping_status":"closed","template":"","meta":{"footnotes":""},"class_list":["post-26","page","type-page","status-publish","hentry"],"yoast_head":"<!-- This site is optimized with the Yoast SEO plugin v26.8 - https:\/\/yoast.com\/product\/yoast-seo-wordpress\/ -->\n<title>Lisa-Maria Labens - Logop\u00e4dische Praxis S\u00f6ren Paul<\/title>\n<meta name=\"robots\" content=\"index, follow, max-snippet:-1, max-image-preview:large, max-video-preview:-1\" \/>\n<link rel=\"canonical\" href=\"https:\/\/www.logopaul.de\/index.php\/lisa-maria-labens\/\" \/>\n<meta property=\"og:locale\" content=\"de_DE\" \/>\n<meta property=\"og:type\" content=\"article\" \/>\n<meta property=\"og:title\" content=\"Lisa-Maria Labens - Logop\u00e4dische Praxis S\u00f6ren Paul\" \/>\n<meta property=\"og:description\" content=\"staatlich anerkannte Logop\u00e4din (Logop\u00e4dieschule Kreischa) Therapieschwerpunkte: Stimmtherapie Neurogene Sprach- und Sprechst\u00f6rungen Kindersprache Kontakt: 0157 3814 63 99 labens(\u00e4t)logopaul.de\" \/>\n<meta property=\"og:url\" content=\"https:\/\/www.logopaul.de\/index.php\/lisa-maria-labens\/\" \/>\n<meta property=\"og:site_name\" content=\"Logop\u00e4dische Praxis S\u00f6ren Paul\" \/>\n<meta property=\"article:modified_time\" content=\"2021-01-31T08:25:18+00:00\" \/>\n<meta name=\"twitter:card\" content=\"summary_large_image\" \/>\n<meta name=\"twitter:label1\" content=\"Gesch\u00e4tzte Lesezeit\" \/>\n\t<meta name=\"twitter:data1\" content=\"1\u00a0Minute\" \/>\n<script type=\"application\/ld+json\" class=\"yoast-schema-graph\">{\"@context\":\"https:\/\/schema.org\",\"@graph\":[{\"@type\":\"WebPage\",\"@id\":\"https:\/\/www.logopaul.de\/index.php\/lisa-maria-labens\/\",\"url\":\"https:\/\/www.logopaul.de\/index.php\/lisa-maria-labens\/\",\"name\":\"Lisa-Maria Labens - Logop\u00e4dische Praxis S\u00f6ren Paul\",\"isPartOf\":{\"@id\":\"https:\/\/www.logopaul.de\/#website\"},\"datePublished\":\"2021-01-23T15:29:58+00:00\",\"dateModified\":\"2021-01-31T08:25:18+00:00\",\"breadcrumb\":{\"@id\":\"https:\/\/www.logopaul.de\/index.php\/lisa-maria-labens\/#breadcrumb\"},\"inLanguage\":\"de\",\"potentialAction\":[{\"@type\":\"ReadAction\",\"target\":[\"https:\/\/www.logopaul.de\/index.php\/lisa-maria-labens\/\"]}]},{\"@type\":\"BreadcrumbList\",\"@id\":\"https:\/\/www.logopaul.de\/index.php\/lisa-maria-labens\/#breadcrumb\",\"itemListElement\":[{\"@type\":\"ListItem\",\"position\":1,\"name\":\"Home\",\"item\":\"https:\/\/www.logopaul.de\/\"},{\"@type\":\"ListItem\",\"position\":2,\"name\":\"Lisa-Maria Labens\"}]},{\"@type\":\"WebSite\",\"@id\":\"https:\/\/www.logopaul.de\/#website\",\"url\":\"https:\/\/www.logopaul.de\/\",\"name\":\"Logop\u00e4dische Praxis S\u00f6ren Paul\",\"description\":\"\",\"potentialAction\":[{\"@type\":\"SearchAction\",\"target\":{\"@type\":\"EntryPoint\",\"urlTemplate\":\"https:\/\/www.logopaul.de\/?s={search_term_string}\"},\"query-input\":{\"@type\":\"PropertyValueSpecification\",\"valueRequired\":true,\"valueName\":\"search_term_string\"}}],\"inLanguage\":\"de\"}]}<\/script>\n<!-- \/ Yoast SEO plugin. -->","yoast_head_json":{"title":"Lisa-Maria Labens - Logop\u00e4dische Praxis S\u00f6ren Paul","robots":{"index":"index","follow":"follow","max-snippet":"max-snippet:-1","max-image-preview":"max-image-preview:large","max-video-preview":"max-video-preview:-1"},"canonical":"https:\/\/www.logopaul.de\/index.php\/lisa-maria-labens\/","og_locale":"de_DE","og_type":"article","og_title":"Lisa-Maria Labens - Logop\u00e4dische Praxis S\u00f6ren Paul","og_description":"staatlich anerkannte Logop\u00e4din (Logop\u00e4dieschule Kreischa) Therapieschwerpunkte: Stimmtherapie Neurogene Sprach- und Sprechst\u00f6rungen Kindersprache Kontakt: 0157 3814 63 99 labens(\u00e4t)logopaul.de","og_url":"https:\/\/www.logopaul.de\/index.php\/lisa-maria-labens\/","og_site_name":"Logop\u00e4dische Praxis S\u00f6ren Paul","article_modified_time":"2021-01-31T08:25:18+00:00","twitter_card":"summary_large_image","twitter_misc":{"Gesch\u00e4tzte Lesezeit":"1\u00a0Minute"},"schema":{"@context":"https:\/\/schema.org","@graph":[{"@type":"WebPage","@id":"https:\/\/www.logopaul.de\/index.php\/lisa-maria-labens\/","url":"https:\/\/www.logopaul.de\/index.php\/lisa-maria-labens\/","name":"Lisa-Maria Labens - Logop\u00e4dische Praxis S\u00f6ren Paul","isPartOf":{"@id":"https:\/\/www.logopaul.de\/#website"},"datePublished":"2021-01-23T15:29:58+00:00","dateModified":"2021-01-31T08:25:18+00:00","breadcrumb":{"@id":"https:\/\/www.logopaul.de\/index.php\/lisa-maria-labens\/#breadcrumb"},"inLanguage":"de","potentialAction":[{"@type":"ReadAction","target":["https:\/\/www.logopaul.de\/index.php\/lisa-maria-labens\/"]}]},{"@type":"BreadcrumbList","@id":"https:\/\/www.logopaul.de\/index.php\/lisa-maria-labens\/#breadcrumb","itemListElement":[{"@type":"ListItem","position":1,"name":"Home","item":"https:\/\/www.logopaul.de\/"},{"@type":"ListItem","position":2,"name":"Lisa-Maria Labens"}]},{"@type":"WebSite","@id":"https:\/\/www.logopaul.de\/#website","url":"https:\/\/www.logopaul.de\/","name":"Logop\u00e4dische Praxis S\u00f6ren Paul","description":"","potentialAction":[{"@type":"SearchAction","target":{"@type":"EntryPoint","urlTemplate":"https:\/\/www.logopaul.de\/?s={search_term_string}"},"query-input":{"@type":"PropertyValueSpecification","valueRequired":true,"valueName":"search_term_string"}}],"inLanguage":"de"}]}},"_links":{"self":[{"href":"https:\/\/www.logopaul.de\/index.php\/wp-json\/wp\/v2\/pages\/26","targetHints":{"allow":["GET"]}}],"collection":[{"href":"https:\/\/www.logopaul.de\/index.php\/wp-json\/wp\/v2\/pages"}],"about":[{"href":"https:\/\/www.logopaul.de\/index.php\/wp-json\/wp\/v2\/types\/page"}],"author":[{"embeddable":true,"href":"https:\/\/www.logopaul.de\/index.php\/wp-json\/wp\/v2\/users\/1"}],"replies":[{"embeddable":true,"href":"https:\/\/www.logopaul.de\/index.php\/wp-json\/wp\/v2\/comments?post=26"}],"version-history":[{"count":2,"href":"https:\/\/www.logopaul.de\/index.php\/wp-json\/wp\/v2\/pages\/26\/revisions"}],"predecessor-version":[{"id":198,"href":"https:\/\/www.logopaul.de\/index.php\/wp-json\/wp\/v2\/pages\/26\/revisions\/198"}],"wp:attachment":[{"href":"https:\/\/www.logopaul.de\/index.php\/wp-json\/wp\/v2\/media?parent=26"}],"curies":[{"name":"wp","href":"https:\/\/api.w.org\/{rel}","templated":true}]}}